{"id":107,"date":"2023-02-16T00:18:53","date_gmt":"2023-02-15T23:18:53","guid":{"rendered":"https:\/\/www.goldener-anker-freiburg.de\/gasthaus\/?page_id=107"},"modified":"2026-03-07T12:16:24","modified_gmt":"2026-03-07T11:16:24","slug":"datenschutz","status":"publish","type":"page","link":"https:\/\/www.goldener-anker-freiburg.de\/gasthaus\/datenschutz\/","title":{"rendered":"DATENSCHUTZ"},"content":{"rendered":"\n<div class=\"et_pb_section_0 et_pb_section et_pb_fullwidth_section et_section_regular et_block_section\"><section class=\"et_pb_fullwidth_header_0 et_pb_fullwidth_header et_pb_fullscreen et_pb_bg_layout_dark et_pb_text_align_left et_pb_section_parallax et_pb_module et_flex_module\"><span class=\"et-pb-parallax-wrapper\"><span class=\"et-pb-parallax-background et-pb-parallax-background-module--divi-fullwidth-header-0\" style=\"background-image:url(https:\/\/www.goldener-anker-freiburg.de\/gasthaus\/wp-content\/uploads\/2024\/01\/Firefly-datenschutz-und-informationstechnik-mit-vorhaengeschloss-94490.jpg)\"><\/span><\/span><div class=\"et_pb_fullwidth_header_container left\"><div class=\"header-content-container center\"><div class=\"header-content et_flex_module\"><h1 class=\"et_pb_module_header\">Hier sind Sie safe!<\/h1><div class=\"et_pb_header_button_wrapper\"><\/div><\/div><\/div><\/div><div class=\"et_pb_fullwidth_header_overlay\"><\/div><div class=\"et_pb_fullwidth_header_scroll\"><a class=\"scroll-down-container\" href=\"#\"><span class=\"scroll-down et-pb-icon\">;<\/span><\/a><\/div><\/section><\/div><div class=\"et_pb_section_1 et_pb_section et_section_regular et_block_section\"><div class=\"et_pb_row_0 et_pb_row et_block_row\"><div class=\"et_pb_column_0 et_pb_column et_pb_column_4_4 et-last-child et_block_column et_pb_css_mix_blend_mode_passthrough\"><div class=\"et_pb_text_0 et_pb_text et_pb_bg_layout_light et_pb_module et_block_module\"><div class=\"et_pb_text_inner\"><h1>Datenschutzerkl\u00e4rung<\/h1>\n<p>Verantwortliche Stelle im Sinne der Datenschutzgesetze, insbesondere der EUDatenschutzgrundverordnung (DSGVO), ist:<\/p>\n<p>Gasthaus Goldener Anker<br \/>\nInhaber: Volker Schneider<br \/>\nUhlandstra\u00dfe 13<br \/>\n79102 Freiburg<\/p>\n<h2>Kontakt:<\/h2>\n<p>Telefon: +49 (0) 7 61 \/ 8 88 51 53<\/p>\n<p>E-Mail:\u00a0<a>info@goldener-anker-freiburg.de<\/a><\/p>\n<p>Goldener Anker Freiburg nimmt den Schutz Ihrer pers\u00f6nlichen Daten sehr ernst. Wir behandeln Ihre personenbezogenen Daten vertraulich und entsprechend der gesetzlichen Datenschutzvorschriften sowie dieser Datenschutzerkl\u00e4rung.<\/p>\n<p>Die Nutzung unserer Webseite ist in der Regel ohne Angabe personenbezogener Daten m\u00f6glich. Soweit auf unseren Seiten personenbezogene Daten (beispielsweise Name, Anschrift oder E-MailAdressen) erhoben werden, erfolgt dies, soweit m\u00f6glich, stets auf freiwilliger Basis. Diese Daten werden ohne Ihre ausdr\u00fcckliche Zustimmung nicht an Dritte weitergegeben. Wir weisen jedoch darauf hin, dass die Daten\u00fcbertragung im Internet (z.B. bei der Kommunikation per E-Mail) Sicherheitsl\u00fccken aufweisen kann. Ein l\u00fcckenloser Schutz der Daten vor dem Zugriff durch Dritte ist nicht m\u00f6glich.<\/p>\n<p><strong>PERSONENBEZOGENE DATEN<\/strong><\/p>\n<p><strong>WAS SIND PERSONENBEZOGENE DATEN<\/strong><\/p>\n<p>Personenbezogene Daten sind Einzelangaben \u00fcber pers\u00f6nliche oder sachliche Verh\u00e4ltnisse einer bestimmten oder bestimmbaren nat\u00fcrlichen Person. Darunter fallen Informationen wie z.B. Ihr richtiger Name, Ihre Anschrift, Ihre Telefonnummer und Ihr Geburtsdatum. Informationen, die nicht direkt mit Ihrer wirklichen Identit\u00e4t in Verbindung gebracht werden \u2013 wie z.B. favorisierte Webseiten oder Anzahl der Nutzer einer Seite \u2013 sind keine personenbezogenen Daten.<\/p>\n<p><strong>ERHEBUNG UND VERARBEITUNG VON<\/strong>\u00a0<strong>PERSONENBEZOGENEN DATEN, SERVER-LOGFILES<\/strong><\/p>\n<p>Wenn Sie unsere Webseiten besuchen, speichern unsere Webserver standardm\u00e4\u00dfig zum Zweck der Systemsicherheit tempor\u00e4r die Verbindungsdaten des anfragenden Rechners in so genannten ServerLog Files, die Ihr Browser automatisch an uns \u00fcbermittelt. Dies sind:<\/p>\n<ul>\n<li>Browsertyp und Browserversion<\/li>\n<li>verwendetes Betriebssystem<\/li>\n<li>Referrer URL<\/li>\n<li>IP und Hostname des zugreifenden Rechners<\/li>\n<li>Uhrzeit der Serveranfrage<\/li>\n<\/ul>\n<p>Diese Daten sind nicht bestimmten Personen zuordenbar. Dar\u00fcber hinausgehende personenbezogene Angaben wie Ihr Name, Ihre Anschrift, Telefonnummer oder E-Mail-Adresse werden nicht erfasst, es sei denn, diese Angaben werden von Ihnen freiwillig gemacht, z.B. im Rahmen einer Registrierung, einer Umfrage, eines Preisausschreibens, zur Durchf\u00fchrung eines Vertrages oder einer Informationsanfrage. Eine Zusammenf\u00fchrung dieser Daten mit anderen Datenquellen wird nicht vorgenommen. Wir behalten uns vor, diese Daten nachtr\u00e4glich zu pr\u00fcfen, wenn uns konkrete Anhaltspunkte f\u00fcr eine rechtswidrige Nutzung bekannt werden.<\/p>\n<p><strong>KONTAKT- UND ANMELDEFORMULARE<\/strong><\/p>\n<p>Wenn Sie uns per Kontakt- oder Anmeldeformular Anfragen zukommen lassen, werden Ihre Angaben aus dem Anfrageformular inklusive der von Ihnen dort angegebenen Kontaktdaten zwecks Bearbeitung der Anfrage und f\u00fcr den Fall von Anschlussfragen bei uns gespeichert. Diese Daten geben wir nicht ohne Ihre Einwilligung weiter.<\/p>\n<p><strong>NUTZUNG UND WEITERGABE DER<\/strong>\u00a0<strong>PERSONENBEZOGENEN DATEN<\/strong><\/p>\n<p>Die von Ihnen zur Verf\u00fcgung gestellten personenbezogenen Daten verwenden wir ausschlie\u00dflich zum Zweck der technischen Administration der Webseiten und zur Erf\u00fcllung Ihrer W\u00fcnsche und Anforderungen, also in der Regel zur Abwicklung des mit Ihnen geschlossenen Vertrages oder zur Beantwortung Ihrer Anfrage. Nur dann, wenn Sie uns zuvor Ihre Einwilligung erteilt haben bzw. wenn Sie \u2013 soweit gesetzliche Regelungen dies vorsehen \u2013 keinen Widerspruch eingelegt haben, nutzen wir diese Daten auch f\u00fcr Umfragen und Marketingzwecke. Eine Weitergabe, Verkauf oder sonstige \u00dcbermittlung Ihrer personenbezogenen Daten an Dritte erfolgt nicht, es sei denn, dass dies zum Zwecke der Vertragsabwicklung erforderlich ist oder Sie ausdr\u00fccklich eingewilligt haben. So kann es beispielsweise erforderlich sein, dass wir bei Anmeldungen zu unseren Veranstaltungen Ihre Teilnahmedaten an unsere organisatorischen Partner weitergeben.<\/p>\n<p><strong>DAUER DER SPEICHERUNG<\/strong><\/p>\n<p>Nach vollst\u00e4ndiger Vertragsabwicklung werden die Daten zun\u00e4chst f\u00fcr die Dauer der Gew\u00e4hrleistungsfrist, danach unter Ber\u00fccksichtigung gesetzlicher, insbesondere steuer- und handelsrechtlicher Aufbewahrungsfristen gespeichert und dann nach Fristablauf gel\u00f6scht, sofern Sie der weitergehenden Verarbeitung und Nutzung nicht zugestimmt haben.<\/p>\n<p><strong>RECHTE DER BETROFFENEN PERSON<\/strong><\/p>\n<p>Ihnen stehen bei Vorliegen der gesetzlichen Voraussetzungen folgende Rechte nach Art. 15 bis 20 DSGVO zu: Recht auf Auskunft, auf Berichtigung, auf L\u00f6schung, auf Einschr\u00e4nkung der Verarbeitung, auf Daten\u00fcbertragbarkeit. Au\u00dferdem steht Ihnen nach Art. 21 (1) DSGVO ein Widerspruchsrecht gegen die Verarbeitungen zu, die auf Art. 6 (1) f DSGVO beruhen, sowie gegen die Verarbeitung zum Zwecke von Direktwerbung. Sie haben gem\u00e4\u00df Art. 77 DSGVO das Recht, sich bei der Aufsichtsbeh\u00f6rde zu beschweren, wenn Sie der Ansicht sind, dass die Verarbeitung Ihrer personenbezogenen Daten nicht rechtm\u00e4\u00dfig erfolgt. Bei Fragen zu diesem Datenschutzhinweis k\u00f6nnen Sie uns auf Wunsch kontaktieren: Die Kontaktdaten finden Sie auf unserer Kontaktseite sowie in unserem Impressum.<\/p>\n<p><strong>COOKIES<\/strong><\/p>\n<p>Cookies sind kleine Textdateien, die auf Ihrem Computer, Tablet oder Smartphone abgelegt werden, wenn Sie bestimmte Websites besuchen. Cookies bleiben \u00fcber das Ende einer BrowserSitzung gespeichert. Cookies erm\u00f6glichen es so, das Endger\u00e4t des Nutzers bei einem Wiederaufruf einer Website zu erkennen. Auch diese Website verwendet einerseits technische Cookies, welche der Navigation, der Funktion und der Verbesserung der Leistung der Website dienen und andererseits Cookies von Dritten. Diese Cookies von Dritten k\u00f6nnen sowohl technische Cookies als auch Profilierungscookies sein, welche der Statistik und der Datensammlung dienen, um dem Benutzer Werbebotschaften zu senden, die ihn interessieren (Cookies f\u00fcr Marketing- und Retargetingzwecke). Weitere Informationen zum Thema Cookies finden Sie auf der Website der European Interactive Digital Advertising Alliance:\u00a0<a href=\"https:\/\/www.marcosorrentino.de\/photo\/datenschutz\/www.youronlinechoices.eu\">www.youronlinechoices.eu<\/a>\u00a0oder auch bei Wikipedia. Benutzer k\u00f6nnen Cookies deaktivieren: Anleitungen, wie Sie Cookies in Ihrem Browser deaktivieren bzw. ablehnen k\u00f6nnen, finden Sie unter folgenden Links: Mozilla Firefox Windows Internet Explorer Google Chrome Opera Apple Safari Bitte beachten Sie: Wenn Sie entscheiden, Cookies zu deaktivieren oder abzulehnen, k\u00f6nnen Sie auf einige Teile der Website m\u00f6glicherweise nicht zugreifen oder sie funktionieren nicht ordnungsgem\u00e4\u00df. Informationsseiten von Drittanbieter \u00fcber ihre Cookies: Google Google Analytics Youtube Google Maps Facebook Google Plus Twitter Microsoft<\/p>\n<p><strong>DATENERHEBUNG EXTERNER ANGEBOTE<\/strong>\u00a0<strong>EINSATZ UND VERWENDUNG VON FACEBOOK<\/strong><\/p>\n<p>Auf unseren Seiten sind Plugins des sozialen Netzwerks Facebook, 1601 South California Avenue, Palo Alto, CA 94304, USA integriert. Die FacebookPlugins erkennen Sie an dem Facebook-Logo oder dem \u201eLike-Button\u201c (\u201eGef\u00e4llt mir\u201c) auf unserer Seite. Eine \u00dcbersicht \u00fcber die Facebook-Plugins finden Sie hier: http:\/\/developers.facebook.com\/docs\/plugins\/ . Wenn Sie unsere Seiten besuchen, wird \u00fcber das Plugin eine direkte Verbindung zwischen Ihrem Browser und dem Facebook-Server hergestellt. Facebook erh\u00e4lt dadurch die Information, dass Sie mit Ihrer IP-Adresse unsere Seite besucht haben. Wenn Sie den Facebook \u201eLike-Button\u201c anklicken w\u00e4hrend Sie in Ihrem Facebook-Account eingeloggt sind, k\u00f6nnen Sie die Inhalte unserer Seiten auf Ihrem Facebook-Profil verlinken. Dadurch kann Facebook den Besuch unserer Seiten Ihrem Benutzerkonto zuordnen. Wir weisen darauf hin, dass wir als Anbieter der Seiten keine Kenntnis vom Inhalt der \u00fcbermittelten Daten sowie deren Nutzung durch Facebook erhalten. Weitere Informationen hierzu finden Sie in der Datenschutzerkl\u00e4rung von Facebook unter http:\/\/dede.facebook.com\/policy.php Wenn Sie nicht w\u00fcnschen, dass Facebook den Besuch unserer Seiten Ihrem Facebook-Nutzerkonto zuordnen kann, loggen Sie sich bitte aus Ihrem FacebookBenutzerkonto aus.<\/p>\n<p><strong>EINSATZ UND VERWENDUNG VON YOUTUBE<\/strong><\/p>\n<p>Auf dieser Internetseite sind Komponenten des Internet-Video-Portals YouTube integriert. Betreibergesellschaft von YouTube ist die YouTube, LLC, 901 Cherry Ave., San Bruno, CA 94066, USA. Die<\/p>\n<p>YouTube, LLC ist einer Tochtergesellschaft der Google Inc., 1600 Amphitheatre Pkwy, Mountain View, CA 94043-1351, USA. Durch jeden Aufruf einer Seite auf welcher eine YouTube-Komponente (YouTube-Video) integriert wurde, wird Ihr Internetbrowser veranlasst, eine Darstellung der entsprechenden Komponente von YouTube herunterzuladen. Weitere Informationen zu YouTube k\u00f6nnen unter https:\/\/www.youtube.com\/yt\/about\/de\/abger ufen werden. Im Rahmen dieses technischen Verfahrens erhalten YouTube und Google Kenntnis dar\u00fcber, welche konkrete Unterseite unserer Internetseite durch die betroffene Person besucht wird. Sofern die betroffene Person gleichzeitig bei YouTube eingeloggt ist, werden diese Informationen durch YouTube und Google gesammelt und dem jeweiligen YouTube-Account der betroffenen Person zugeordnet. Dies findet unabh\u00e4ngig davon statt, ob die betroffene Person ein YouTube-Video anklickt oder nicht. Ist eine derartige \u00dcbermittlung dieser Informationen an YouTube und Google von der betroffenen Person nicht gewollt, kann diese die \u00dcbermittlung dadurch verhindern, dass sie sich vor einem Aufruf unserer Internetseite aus ihrem YouTube-Account ausloggt. Die von YouTube ver\u00f6ffentlichten Datenschutzbestimmungen, die unter https:\/\/www.google.de\/intl\/de\/policies\/privacy\/ abrufbar sind, geben Aufschluss \u00fcber die Erhebung, Verarbeitung und Nutzung personenbezogener Daten durch YouTube und Google.<\/p>\n<p><strong>EINSATZ UND VERWENDUNG VON GOOGLE<\/strong>\u00a0<strong>ANALYTICS<\/strong><\/p>\n<p>Diese Website benutzt Google Analytics, einen Webanalysedienst der Google Inc. (\u201eGoogle\u201c). Google Analytics verwendet sog. \u201eCookies\u201c, Textdateien, die auf Ihrem Computer gespeichert werden und die eine Analyse der Benutzung der Website durch Sie erm\u00f6glichen. Die durch den Cookie erzeugten Informationen \u00fcber Ihre Benutzung dieser Website werden in der Regel an einen Server von Google in den USA \u00fcbertragen und dort gespeichert. Im Falle der Aktivierung der IP-Anonymisierung auf dieser Webseite, wird Ihre IP-Adresse von Google innerhalb von Mitgliedstaaten der Europ\u00e4ischen Union oder in anderen Vertragsstaaten des Abkommens \u00fcber den Europ\u00e4ischen Wirtschaftsraum zuvor gek\u00fcrzt. Nur in Ausnahmef\u00e4llen wird die volle IP-Adresse an einen Server von Google in den USA \u00fcbertragen und dort gek\u00fcrzt. Auf dieser Webseite ist die anonyme IPAdresse aktiv. Im Auftrag des Betreibers dieser Website wird Google diese Informationen benutzen, um Ihre Nutzung der Website auszuwerten, um Reports \u00fcber die Websiteaktivit\u00e4ten zusammenzustellen und um weitere mit der Websitenutzung und der Internetnutzung verbundene Dienstleistungen gegen\u00fcber dem Websitebetreiber zu erbringen. Die im Rahmen von Google Analytics von Ihrem Browser \u00fcbermittelte IP-Adresse wird nicht mit anderen Daten von Google zusammengef\u00fchrt. Sie k\u00f6nnen die Speicherung der Cookies durch eine entsprechende Einstellung Ihrer Browser-Software verhindern; wir weisen Sie jedoch darauf hin, dass Sie in diesem Fall gegebenenfalls nicht s\u00e4mtliche Funktionen dieser Website vollumf\u00e4nglich werden nutzen k\u00f6nnen. Sie k\u00f6nnen dar\u00fcber hinaus die Erfassung der durch das Cookie erzeugten und auf Ihre Nutzung der Website bezogenen Daten (inkl. Ihrer IP-Adresse) an Google sowie die Verarbeitung dieser Daten durch Google verhindern, indem sie das unter dem folgenden Link verf\u00fcgbare BrowserPlugin herunterladen und installieren. Der aktuelle Link ist http:\/\/tools.google.com\/dlpage\/gaoptout? hl=de.<\/p>\n<p><strong>EINSATZ UND VERWENDUNG VON GOOGLE MAPS<\/strong><\/p>\n<p>Auf dieser Webseite werden Komponenten der API von \u201eGoogle Maps\u201c \u2013 ein Kartendienst der Google Inc., 1600 Amphitheatre Parkway, Mountain View, California, 94043 (\u201eGoogle\u201c) \u2013 eingesetzt, um geographische Informationen \u2013 z.B. Karten \u2013 interaktiv visuell darzustellen. Bei der Nutzung des Kartendienstes \u201eGoogle Maps\u201c werden von Google auch Daten \u00fcber die Nutzung der Maps-Funktionen durch Besucher (einschlie\u00dflich der IP-Adresse) der Webseiten erhoben, verarbeitet und genutzt. N\u00e4here Informationen \u00fcber die Datenspeicherung und \u2013 verarbeitung durch Google k\u00f6nnen Sie den Datenschutzhinweisen von Google entnehmen. Dort k\u00f6nnen Sie im Datenschutzcenter auch Ihre Einstellungen ver\u00e4ndern, so dass Sie Ihre Daten verwalten und sch\u00fctzen k\u00f6nnen.<\/p>\n<p><strong>\u00c4NDERUNGEN DIESER<\/strong>\u00a0<strong>DATENSCHUTZBESTIMMUNGEN<\/strong><\/p>\n<p>Wir werden diese Richtlinien zum Schutz Ihrer pers\u00f6nlichen Daten von Zeit zu Zeit aktualisieren. Sie sollten sich diese Richtlinien gelegentlich ansehen, um auf dem Laufenden dar\u00fcber zu bleiben, wie wir Ihre Daten sch\u00fctzen und die Inhalte unserer Website stetig verbessern. Sollten wir wesentliche \u00c4nderungen bei der Sammlung, der Nutzung und\/oder der Weitergabe der uns von Ihnen zur Verf\u00fcgung gestellten personenbezogenen Daten vornehmen, werden wir Sie durch einen eindeutigen und gut sichtbaren Hinweis auf der Website darauf aufmerksam machen. Mit der Nutzung der Webseite erkl\u00e4ren Sie sich mit den Bedingungen dieser Richtlinien zum Schutz pers\u00f6nlicher Daten einverstanden.<\/p>\n<\/div><\/div><\/div><\/div><\/div>\n","protected":false},"excerpt":{"rendered":"","protected":false},"author":1,"featured_media":0,"parent":0,"menu_order":0,"comment_status":"closed","ping_status":"closed","template":"","meta":{"footnotes":""},"class_list":["post-107","page","type-page","status-publish","hentry"],"dsm_author":{"name":"mso","avatar_url":"https:\/\/secure.gravatar.com\/avatar\/3c75b37d5a24a252f08d33e2537d78cc7ff3a8d93641efa608dc484c39a01480?s=96&d=mm&r=g","archive_link":"https:\/\/www.goldener-anker-freiburg.de\/gasthaus\/author\/mso-adm\/","biodata":""},"dsm_categories":[],"dsm_attachment_categories":[],"dsm_featured_image":null,"yoast_head":"<!-- This site is optimized with the Yoast SEO plugin v27.3 - https:\/\/yoast.com\/product\/yoast-seo-wordpress\/ -->\n<title>DATENSCHUTZ - Goldener Anker Freiburg<\/title>\n<meta name=\"robots\" content=\"index, follow, max-snippet:-1, max-image-preview:large, max-video-preview:-1\" \/>\n<link rel=\"canonical\" href=\"https:\/\/www.goldener-anker-freiburg.de\/gasthaus\/datenschutz\/\" \/>\n<meta property=\"og:locale\" content=\"de_DE\" \/>\n<meta property=\"og:type\" content=\"article\" \/>\n<meta property=\"og:title\" content=\"DATENSCHUTZ - Goldener Anker Freiburg\" \/>\n<meta property=\"og:url\" content=\"https:\/\/www.goldener-anker-freiburg.de\/gasthaus\/datenschutz\/\" \/>\n<meta property=\"og:site_name\" content=\"Goldener Anker Freiburg\" \/>\n<meta property=\"article:publisher\" content=\"https:\/\/www.facebook.com\/goldeneranker\" \/>\n<meta property=\"article:modified_time\" content=\"2026-03-07T11:16:24+00:00\" \/>\n<meta name=\"twitter:card\" content=\"summary_large_image\" \/>\n<meta name=\"twitter:label1\" content=\"Gesch\u00e4tzte Lesezeit\" \/>\n\t<meta name=\"twitter:data1\" content=\"11\u00a0Minuten\" \/>\n<script type=\"application\/ld+json\" class=\"yoast-schema-graph\">{\"@context\":\"https:\\\/\\\/schema.org\",\"@graph\":[{\"@type\":\"WebPage\",\"@id\":\"https:\\\/\\\/www.goldener-anker-freiburg.de\\\/gasthaus\\\/datenschutz\\\/\",\"url\":\"https:\\\/\\\/www.goldener-anker-freiburg.de\\\/gasthaus\\\/datenschutz\\\/\",\"name\":\"DATENSCHUTZ - Goldener Anker Freiburg\",\"isPartOf\":{\"@id\":\"https:\\\/\\\/www.goldener-anker-freiburg.de\\\/gasthaus\\\/#website\"},\"datePublished\":\"2023-02-15T23:18:53+00:00\",\"dateModified\":\"2026-03-07T11:16:24+00:00\",\"breadcrumb\":{\"@id\":\"https:\\\/\\\/www.goldener-anker-freiburg.de\\\/gasthaus\\\/datenschutz\\\/#breadcrumb\"},\"inLanguage\":\"de\",\"potentialAction\":[{\"@type\":\"ReadAction\",\"target\":[\"https:\\\/\\\/www.goldener-anker-freiburg.de\\\/gasthaus\\\/datenschutz\\\/\"]}]},{\"@type\":\"BreadcrumbList\",\"@id\":\"https:\\\/\\\/www.goldener-anker-freiburg.de\\\/gasthaus\\\/datenschutz\\\/#breadcrumb\",\"itemListElement\":[{\"@type\":\"ListItem\",\"position\":1,\"name\":\"Startseite\",\"item\":\"https:\\\/\\\/www.goldener-anker-freiburg.de\\\/gasthaus\\\/\"},{\"@type\":\"ListItem\",\"position\":2,\"name\":\"DATENSCHUTZ\"}]},{\"@type\":\"WebSite\",\"@id\":\"https:\\\/\\\/www.goldener-anker-freiburg.de\\\/gasthaus\\\/#website\",\"url\":\"https:\\\/\\\/www.goldener-anker-freiburg.de\\\/gasthaus\\\/\",\"name\":\"Goldener Anker Freiburg\",\"description\":\"Die Volkerverst\u00e4ndigung\",\"publisher\":{\"@id\":\"https:\\\/\\\/www.goldener-anker-freiburg.de\\\/gasthaus\\\/#organization\"},\"potentialAction\":[{\"@type\":\"SearchAction\",\"target\":{\"@type\":\"EntryPoint\",\"urlTemplate\":\"https:\\\/\\\/www.goldener-anker-freiburg.de\\\/gasthaus\\\/?s={search_term_string}\"},\"query-input\":{\"@type\":\"PropertyValueSpecification\",\"valueRequired\":true,\"valueName\":\"search_term_string\"}}],\"inLanguage\":\"de\"},{\"@type\":\"Organization\",\"@id\":\"https:\\\/\\\/www.goldener-anker-freiburg.de\\\/gasthaus\\\/#organization\",\"name\":\"Goldener Anker Freiburg\",\"url\":\"https:\\\/\\\/www.goldener-anker-freiburg.de\\\/gasthaus\\\/\",\"logo\":{\"@type\":\"ImageObject\",\"inLanguage\":\"de\",\"@id\":\"https:\\\/\\\/www.goldener-anker-freiburg.de\\\/gasthaus\\\/#\\\/schema\\\/logo\\\/image\\\/\",\"url\":\"https:\\\/\\\/www.goldener-anker-freiburg.de\\\/gasthaus\\\/wp-content\\\/uploads\\\/2023\\\/11\\\/anker-maps-pointer-pic-2.png\",\"contentUrl\":\"https:\\\/\\\/www.goldener-anker-freiburg.de\\\/gasthaus\\\/wp-content\\\/uploads\\\/2023\\\/11\\\/anker-maps-pointer-pic-2.png\",\"width\":210,\"height\":210,\"caption\":\"Goldener Anker Freiburg\"},\"image\":{\"@id\":\"https:\\\/\\\/www.goldener-anker-freiburg.de\\\/gasthaus\\\/#\\\/schema\\\/logo\\\/image\\\/\"},\"sameAs\":[\"https:\\\/\\\/www.facebook.com\\\/goldeneranker\",\"https:\\\/\\\/www.instagram.com\\\/goldenerankerfreiburg\\\/\"]}]}<\/script>\n<!-- \/ Yoast SEO plugin. -->","yoast_head_json":{"title":"DATENSCHUTZ - Goldener Anker Freiburg","robots":{"index":"index","follow":"follow","max-snippet":"max-snippet:-1","max-image-preview":"max-image-preview:large","max-video-preview":"max-video-preview:-1"},"canonical":"https:\/\/www.goldener-anker-freiburg.de\/gasthaus\/datenschutz\/","og_locale":"de_DE","og_type":"article","og_title":"DATENSCHUTZ - Goldener Anker Freiburg","og_url":"https:\/\/www.goldener-anker-freiburg.de\/gasthaus\/datenschutz\/","og_site_name":"Goldener Anker Freiburg","article_publisher":"https:\/\/www.facebook.com\/goldeneranker","article_modified_time":"2026-03-07T11:16:24+00:00","twitter_card":"summary_large_image","twitter_misc":{"Gesch\u00e4tzte Lesezeit":"11\u00a0Minuten"},"schema":{"@context":"https:\/\/schema.org","@graph":[{"@type":"WebPage","@id":"https:\/\/www.goldener-anker-freiburg.de\/gasthaus\/datenschutz\/","url":"https:\/\/www.goldener-anker-freiburg.de\/gasthaus\/datenschutz\/","name":"DATENSCHUTZ - Goldener Anker Freiburg","isPartOf":{"@id":"https:\/\/www.goldener-anker-freiburg.de\/gasthaus\/#website"},"datePublished":"2023-02-15T23:18:53+00:00","dateModified":"2026-03-07T11:16:24+00:00","breadcrumb":{"@id":"https:\/\/www.goldener-anker-freiburg.de\/gasthaus\/datenschutz\/#breadcrumb"},"inLanguage":"de","potentialAction":[{"@type":"ReadAction","target":["https:\/\/www.goldener-anker-freiburg.de\/gasthaus\/datenschutz\/"]}]},{"@type":"BreadcrumbList","@id":"https:\/\/www.goldener-anker-freiburg.de\/gasthaus\/datenschutz\/#breadcrumb","itemListElement":[{"@type":"ListItem","position":1,"name":"Startseite","item":"https:\/\/www.goldener-anker-freiburg.de\/gasthaus\/"},{"@type":"ListItem","position":2,"name":"DATENSCHUTZ"}]},{"@type":"WebSite","@id":"https:\/\/www.goldener-anker-freiburg.de\/gasthaus\/#website","url":"https:\/\/www.goldener-anker-freiburg.de\/gasthaus\/","name":"Goldener Anker Freiburg","description":"Die Volkerverst\u00e4ndigung","publisher":{"@id":"https:\/\/www.goldener-anker-freiburg.de\/gasthaus\/#organization"},"potentialAction":[{"@type":"SearchAction","target":{"@type":"EntryPoint","urlTemplate":"https:\/\/www.goldener-anker-freiburg.de\/gasthaus\/?s={search_term_string}"},"query-input":{"@type":"PropertyValueSpecification","valueRequired":true,"valueName":"search_term_string"}}],"inLanguage":"de"},{"@type":"Organization","@id":"https:\/\/www.goldener-anker-freiburg.de\/gasthaus\/#organization","name":"Goldener Anker Freiburg","url":"https:\/\/www.goldener-anker-freiburg.de\/gasthaus\/","logo":{"@type":"ImageObject","inLanguage":"de","@id":"https:\/\/www.goldener-anker-freiburg.de\/gasthaus\/#\/schema\/logo\/image\/","url":"https:\/\/www.goldener-anker-freiburg.de\/gasthaus\/wp-content\/uploads\/2023\/11\/anker-maps-pointer-pic-2.png","contentUrl":"https:\/\/www.goldener-anker-freiburg.de\/gasthaus\/wp-content\/uploads\/2023\/11\/anker-maps-pointer-pic-2.png","width":210,"height":210,"caption":"Goldener Anker Freiburg"},"image":{"@id":"https:\/\/www.goldener-anker-freiburg.de\/gasthaus\/#\/schema\/logo\/image\/"},"sameAs":["https:\/\/www.facebook.com\/goldeneranker","https:\/\/www.instagram.com\/goldenerankerfreiburg\/"]}]}},"_links":{"self":[{"href":"https:\/\/www.goldener-anker-freiburg.de\/gasthaus\/wp-json\/wp\/v2\/pages\/107","targetHints":{"allow":["GET"]}}],"collection":[{"href":"https:\/\/www.goldener-anker-freiburg.de\/gasthaus\/wp-json\/wp\/v2\/pages"}],"about":[{"href":"https:\/\/www.goldener-anker-freiburg.de\/gasthaus\/wp-json\/wp\/v2\/types\/page"}],"author":[{"embeddable":true,"href":"https:\/\/www.goldener-anker-freiburg.de\/gasthaus\/wp-json\/wp\/v2\/users\/1"}],"replies":[{"embeddable":true,"href":"https:\/\/www.goldener-anker-freiburg.de\/gasthaus\/wp-json\/wp\/v2\/comments?post=107"}],"version-history":[{"count":19,"href":"https:\/\/www.goldener-anker-freiburg.de\/gasthaus\/wp-json\/wp\/v2\/pages\/107\/revisions"}],"predecessor-version":[{"id":243092,"href":"https:\/\/www.goldener-anker-freiburg.de\/gasthaus\/wp-json\/wp\/v2\/pages\/107\/revisions\/243092"}],"wp:attachment":[{"href":"https:\/\/www.goldener-anker-freiburg.de\/gasthaus\/wp-json\/wp\/v2\/media?parent=107"}],"curies":[{"name":"wp","href":"https:\/\/api.w.org\/{rel}","templated":true}]}}